{"id":85,"date":"2014-04-27T21:59:32","date_gmt":"2014-04-27T20:59:32","guid":{"rendered":"http:\/\/ecole-saintpiex.com\/tremblay-en-france-93290\/?page_id=85"},"modified":"2024-01-24T17:11:44","modified_gmt":"2024-01-24T16:11:44","slug":"tarifs-reglement-financier","status":"publish","type":"page","link":"https:\/\/ecole-saintpiex.com\/tremblay-en-france-93290\/tarifs-reglement-financier\/","title":{"rendered":"Tarifs et r\u00e8glement financier"},"content":{"rendered":"\n<p class=\"has-text-align-center\"><strong><u>REGLEMENT FINANCIER ANN\u00c9E 2024-2025<br><\/u><\/strong><\/p>\n\n\n\n<p class=\"has-text-align-center\"><strong>ANNNEXE A LA CONVENTION DE SCOLARISATION<\/strong><\/p>\n\n\n\n<ul>\n<li><strong><u>CONTRIBUTIONS, COTISATIONS ET PRESTATIONS<\/u><\/strong><\/li>\n<\/ul>\n\n\n\n<figure class=\"wp-block-table\"><table><tbody><tr><td><\/td><td>1<sup>er<\/sup> enfant<\/td><td>2<sup>\u00e8me<\/sup> enfant<\/td><td>3<sup>\u00e8me<\/sup> enfant<\/td><td>4<sup>\u00e8me<\/sup> enfant<\/td><\/tr><tr><td>Contribution famille<\/td><td>1150\u20ac\/an<\/td><td>1110\u20ac\/an<\/td><td>960\u20ac\/an<\/td><td>Gratuit<\/td><\/tr><tr><td>Activit\u00e9s culturelles (anglais, sport, th\u00e9\u00e2tre ou robotique)<\/td><td>110\u20ac\/an<\/td><td>110\u20ac\/an<\/td><td>110\u20ac\/an<\/td><td>110\u20ac\/an<\/td><\/tr><tr><td>Coop\u00e9rative<\/td><td>30\u20ac\/an<\/td><td>30\u20ac\/an<\/td><td>30\u20ac\/an<\/td><td>30\u20ac\/an<\/td><\/tr><tr><td><strong>TOTAL par enfant<\/strong><\/td><td><strong>1290\u20ac\/an<\/strong><\/td><td><strong>1250\u20ac\/an<\/strong><\/td><td><strong>1100\u20ac\/an<\/strong><\/td><td><strong>140\u20ac\/an<\/strong><\/td><\/tr><tr><td>Fournitures scolaires<\/td><td>50\u20ac\/an maternelles<br>70\u20ac\/an \u00e9l\u00e9mentaires<\/td><td>50\u20ac\/an maternelles<br>70\u20ac\/an \u00e9l\u00e9mentaires<\/td><td>50\u20ac\/an maternelles<br>70\u20ac\/an \u00e9l\u00e9mentaires<\/td><td>50\u20ac\/an maternelles<br>70\u20ac\/an \u00e9l\u00e9mentaires<\/td><\/tr><\/tbody><\/table><\/figure>\n\n\n\n<p><strong><u>Contribution des familles<\/u><\/strong><\/p>\n\n\n\n<p>La contribution des familles est destin\u00e9e \u00e0 financer les investissements immobiliers et d&rsquo;\u00e9quipements n\u00e9cessaires, \u00e0 assurer tous les \u00e9l\u00e8ves de l\u2019\u00e9tablissement, \u00e0 r\u00e9gler les cotisations aux diverses instances de l\u2019Enseignement Catholique ainsi que les d\u00e9penses li\u00e9es au caract\u00e8re propre de l\u2019\u00e9tablissement, les activit\u00e9s culturelles pour un montant de 110\u20ac ainsi que la coop\u00e9rative qui s\u2019\u00e9l\u00e8ve \u00e0 30\u20ac.<\/p>\n\n\n\n<p>Pour les \u00e9l\u00e8ves de CM2, un montant de 70\u20ac (\u00e0 confirmer) sera factur\u00e9 aux parents pour les examens de Cambridge qui auront lieu en fin d\u2019ann\u00e9e.<\/p>\n\n\n\n<p><strong><u>Les fournitures scolaires<\/u><\/strong><\/p>\n\n\n\n<p>Le tarif des fournitures scolaires varie en fonction de la classe. Le tarif vous sera communiqu\u00e9 sur la facture annuelle.<\/p>\n\n\n\n<p><strong><u>Cotisation APEL<\/u><\/strong><\/p>\n\n\n\n<p>L&rsquo;association des parents d&rsquo;\u00e9l\u00e8ves a le r\u00f4le fondamental de repr\u00e9senter les parents. Bien que la cotisation annuelle soit facultative, elle est primordiale pour participer \u00e0 l\u2019am\u00e9lioration du cadre de vie des enfants \u00e0 St Pie X.<\/p>\n\n\n\n<p>Une partie est revers\u00e9e \u00e0 l&rsquo;UNAPEL et inclut l&rsquo;abonnement \u00e0 la revue \u00ab\u00a0Famille et Education\u00a0\u00bb.<\/p>\n\n\n\n<p><strong><u>Garderies et \u00e9tudes<\/u><\/strong><\/p>\n\n\n\n<p>L\u2019\u00e9cole St-Pie X vous propose des tarifs d\u00e9gressifs sous la forme de forfaits.<\/p>\n\n\n\n<p>Son inscription est annuelle et vous fait profiter d\u2019un forfait pr\u00e9f\u00e9rentiel. Elle est, exceptionnellement, modifiable par courrier adress\u00e9 au secr\u00e9tariat, trois semaines avant chaque trimestre pour le trimestre suivant.<\/p>\n\n\n\n<p>Les frais d\u2019\u00e9tude ou de garderie sont d\u00e9crits dans le tableau r\u00e9capitulatif ci-dessous&nbsp;:<\/p>\n\n\n\n<figure class=\"wp-block-table\"><table><tbody><tr><td><strong>Enfant en maternelle (PS->GS)<\/strong><\/td><td><strong>Enfant en \u00e9l\u00e9mentaire (CP->CM2)<\/strong><\/td><\/tr><tr><td>Garderie du matin : 7h30 &#8211; 8h20<\/td><td>Garderie du matin : 7h30 &#8211; 8h20<\/td><\/tr><tr><td>Garderie maternelle : 16h30 &#8211; 17h45<\/td><td>\u00c9tude surveill\u00e9e pour les devoirs : 16h30 &#8211; 17h45<\/td><\/tr><tr><td>Garderie du soir : 17h45 &#8211; 18h30<\/td><td>Garderie du matin : 17h45 &#8211; 8h30<\/td><\/tr><\/tbody><\/table><\/figure>\n\n\n\n<hr class=\"wp-block-separator has-alpha-channel-opacity\"\/>\n\n\n\n<figure class=\"wp-block-table\"><table><tbody><tr><td><strong>Enfant de maternelle<\/strong><\/td><td><strong>Enfant d&rsquo;\u00e9l\u00e9mentaire<\/strong><\/td><\/tr><tr><td colspan=\"2\">Forfait 4 fois par semaine<\/td><\/tr><tr><td>1 garderie\/jour 270\u20ac<br>2 garderie\/jour 420\u20ac<br>3 garderie\/jour 610\u20ac<\/td><td>1 \u00e9tude surveill\u00e9e ou 1 garderie du matin\/jour 410\u20ac<br>1 garderie + 1 \u00e9tude\/jour 630\u20ac<br>2 garderies + 1 \u00e9tude\/jour 710\u20ac<\/td><\/tr><tr><td colspan=\"2\">Forfait 3 fois par semaine<\/td><\/tr><tr><td>1 garderie\/jour 230\u20ac<br>2 garderie\/jour 340\u20ac<br>3 garderie\/jour 500\u20ac<\/td><td>1 \u00e9tude surveill\u00e9e ou 1 garderie du matin\/jour 330\u20ac<br>1 garderie + 1 \u00e9tude\/jour 500\u20ac<br>2 garderies + 1 \u00e9tude\/jour 590\u20ac<\/td><\/tr><tr><td colspan=\"2\">Forfait 2 fois par semaine<\/td><\/tr><tr><td>1 garderie\/jour 180\u20ac<br>2 garderie\/jour 270\u20ac<br>3 garderie\/jour 390\u20ac<\/td><td>1 \u00e9tude surveill\u00e9e ou 1 garderie du matin\/jour 260\u20ac<br>1 garderie + 1 \u00e9tude\/jour 390\u20ac<br>2 garderies + 1 \u00e9tude\/jour 450\u20ac<\/td><\/tr><tr><td colspan=\"2\">Forfait 1 fois par semaine<\/td><\/tr><tr><td>1 garderie\/jour 120\u20ac<br>2 garderie\/jour 180\u20ac<br>3 garderie\/jour 250\u20ac<\/td><td>1 \u00e9tude surveill\u00e9e ou 1 garderie du matin\/jour 170\u20ac<br>1 garderie + 1 \u00e9tude\/jour 250\u20ac<br>2 garderies + 1 \u00e9tude\/jour 280\u20ac<\/td><\/tr><\/tbody><\/table><\/figure>\n\n\n\n<p><em>Pour b\u00e9n\u00e9ficier des forfaits pr\u00e9f\u00e9rentiels des garderies et de l\u2019\u00e9tude, <\/em><strong>vous devez proc\u00e9der \u00e0 l\u2019inscription de votre enfant en compl\u00e9tant le formulaire r\u00e9serv\u00e9 \u00e0 cet effet.<\/strong><\/p>\n\n\n\n<p><strong>Toute \u00e9tude ou garderie r\u00e9alis\u00e9e en dehors du forfait sera factur\u00e9e en suppl\u00e9ment au tarif unitaire indiqu\u00e9 ci-dessous&nbsp;:<\/strong><\/p>\n\n\n\n<figure class=\"wp-block-table\"><table><tbody><tr><td>Ticket garderie : 5,80 \u20ac<\/td><td>Ticket \u00e9tude : 6,80 \u20ac<\/td><\/tr><\/tbody><\/table><\/figure>\n\n\n\n<p><strong><u>Restauration<\/u><\/strong><\/p>\n\n\n\n<p>La prestation de restauration est facultative.<\/p>\n\n\n\n<p>Comme pour les garderies et les \u00e9tudes, l\u2019\u00e9cole St-Pie X vous propose des tarifs d\u00e9gressifs sous la forme de forfaits.<\/p>\n\n\n\n<figure class=\"wp-block-table\"><table><tbody><tr><td><\/td><td><strong>4 fois par semaine<\/strong><\/td><td><strong>3 fois par semaine<\/strong><\/td><td><strong>2 fois par semaine<\/strong><\/td><td><strong>1 fois par semaine<\/strong><\/td><\/tr><tr><td><strong>Forfait cantine<\/strong><\/td><td><strong>1140\u20ac\/an<\/strong><\/td><td><strong>890\u20ac\/an<\/strong><\/td><td><strong>630\u20ac\/an<\/strong><\/td><td><strong>370\u20ac\/an<\/strong><\/td><\/tr><\/tbody><\/table><\/figure>\n\n\n\n<p><em>Pour b\u00e9n\u00e9ficier des forfaits pr\u00e9f\u00e9rentiels de la cantine, <\/em><strong>vous devez proc\u00e9der \u00e0 l\u2019inscription de votre enfant en compl\u00e9tant le formulaire r\u00e9serv\u00e9 \u00e0 cet effet&nbsp; <\/strong><\/p>\n\n\n\n<p><strong>Tout repas pris<\/strong> <strong>en dehors du forfait sera factur\u00e9 en suppl\u00e9ment au tarif unitaire de 9,50 \u20ac. <\/strong>Les familles peuvent se procurer des carnets de 10 tickets-repas au prix de <strong>90 \u20ac<\/strong> le carnet.<\/p>\n\n\n\n<p><strong><em>Sur chaque ticket, devront figurer le nom et la classe de l\u2019enfant ainsi que le jour du repas consomm\u00e9.<\/em><\/strong><\/p>\n\n\n\n<p>En cas d&rsquo;absence de 4 jours cons\u00e9cutifs, et sur pr\u00e9sentation d&rsquo;un certificat m\u00e9dical, l&rsquo;\u00e9tablissement d\u00e9duira les repas non consomm\u00e9s au mois de juin de l&rsquo;ann\u00e9e scolaire en cours.<\/p>\n\n\n\n<p><strong><u>Assurance<\/u><\/strong><\/p>\n\n\n\n<p>Tous les \u00e9l\u00e8ves de l\u2019\u00e9cole Saint-Pie X sont assur\u00e9s par la Mutuelle Saint-Christophe, partenaire privil\u00e9gi\u00e9 de l\u2019Enseignement Catholique.<\/p>\n\n\n\n<p>Cette assurance prot\u00e8ge l\u2019enfant en cas d\u2019accident corporel 7 jours\/7, 24h\/24 dans ses activit\u00e9s scolaires mais aussi extra scolaires, pour toute l\u2019ann\u00e9e scolaire. Le montant annuel de la cotisation s\u2019\u00e9l\u00e8ve \u00e0 <strong>8,30 \u20ac. Cette somme est incluse dans la contribution familiale.<\/strong><\/p>\n\n\n\n<ul>\n<li><strong><u>MODALIT\u00c9S DE PAIEMENT<\/u><\/strong><\/li>\n<\/ul>\n\n\n\n<p><strong><u>Frais de dossier<\/u><\/strong><\/p>\n\n\n\n<p>Les frais de dossier (<strong>50 \u20ac<\/strong>) sont \u00e0 r\u00e9gler pour tout dossier d&rsquo;inscription d\u00e9pos\u00e9 <strong>(Attention ils ne sont pas rembours\u00e9s en cas de d\u00e9sistement)<\/strong>.<\/p>\n\n\n\n<p><strong><u>Acompte d\u2019inscription ou de r\u00e9inscription<\/u><\/strong><\/p>\n\n\n\n<p>L&rsquo;acompte d&rsquo;inscription ou de r\u00e9inscription, d&rsquo;un montant de <strong>150 \u20ac<\/strong> sera pr\u00e9lev\u00e9 en septembre 2024. Cet acompte ne pourra \u00eatre rembours\u00e9 qu\u2019en cas de force majeur (avec pr\u00e9sentation d\u2019un justificatif).<\/p>\n\n\n\n<p><strong><u>Mode de r\u00e8glement \u2013 Pr\u00e9l\u00e8vement bancaire<\/u><\/strong><\/p>\n\n\n\n<p>Une facture annuelle est remise \u00e0 la famille \u00e0 la mi-septembre.<\/p>\n\n\n\n<p>Le montant global de cette facture est divis\u00e9 en 10 mensualit\u00e9s, d\u00e9duction faite de l\u2019acompte d\u2019inscription ou de r\u00e9inscription.<\/p>\n\n\n\n<p>La premi\u00e8re mensualit\u00e9 aura lieu en septembre et la derni\u00e8re en juin.<\/p>\n\n\n\n<p>Le pr\u00e9l\u00e8vement bancaire est le mode de r\u00e8glement privil\u00e9gi\u00e9 par l&rsquo;\u00e9tablissement. A partir du 15 septembre, les sommes pr\u00e9lev\u00e9es ne pourront plus \u00eatre modifi\u00e9es.<\/p>\n\n\n\n<p>Les demandes de pr\u00e9l\u00e8vements de l&rsquo;ann\u00e9e pr\u00e9c\u00e9dente sont reconduites automatiquement.<\/p>\n\n\n\n<p>Toute demande de paiement par pr\u00e9l\u00e8vement ou changement de compte bancaire doit \u00eatre signal\u00e9e avant le 20 du mois pr\u00e9c\u00e9dent pour \u00eatre prise en compte le mois suivant. En cas de rejet de pr\u00e9l\u00e8vement, les frais bancaires seront r\u00e9clam\u00e9s \u00e0 la famille.<\/p>\n\n\n\n<p>En l&rsquo;absence de pr\u00e9l\u00e8vement, le r\u00e8glement doit parvenir \u00e0 l&rsquo;\u00e9tablissement <em><u>avant le 10 du&nbsp; mois<\/u><\/em>.&nbsp;<\/p>\n\n\n\n<p><strong>Le<\/strong> <strong>ch\u00e8que doit \u00eatre libell\u00e9 \u00e0 l&rsquo;ordre de \u00a0\u00bb OGEC SAINT-PIE X&nbsp;\u00bb.<\/strong><\/p>\n\n\n\n<p>Pour tout r\u00e8glement en esp\u00e8ces, merci de vous pr\u00e9senter au secr\u00e9tariat avec l&rsquo;appoint du montant d\u00fb.<\/p>\n\n\n\n<p><strong><u>Impay\u00e9s<\/u><\/strong><\/p>\n\n\n\n<p>L&rsquo;\u00e9tablissement intentera toute action jug\u00e9e n\u00e9cessaire pour recouvrer les sommes impay\u00e9es. En outre, en cas d\u2019impay\u00e9s, l&rsquo;\u00e9tablissement se r\u00e9serve le droit de ne pas r\u00e9inscrire l&rsquo;\u00e9l\u00e8ve l&rsquo;ann\u00e9e scolaire suivante.<\/p>\n","protected":false},"excerpt":{"rendered":"<p>REGLEMENT FINANCIER ANN\u00c9E 2024-2025 ANNNEXE A LA CONVENTION DE SCOLARISATION 1er enfant 2\u00e8me enfant 3\u00e8me enfant 4\u00e8me enfant Contribution famille 1150\u20ac\/an 1110\u20ac\/an 960\u20ac\/an Gratuit Activit\u00e9s culturelles (anglais, sport, th\u00e9\u00e2tre ou [&hellip;]<\/p>\n","protected":false},"author":1,"featured_media":0,"parent":0,"menu_order":0,"comment_status":"closed","ping_status":"closed","template":"","meta":{"ngg_post_thumbnail":0,"footnotes":""},"_links":{"self":[{"href":"https:\/\/ecole-saintpiex.com\/tremblay-en-france-93290\/wp-json\/wp\/v2\/pages\/85"}],"collection":[{"href":"https:\/\/ecole-saintpiex.com\/tremblay-en-france-93290\/wp-json\/wp\/v2\/pages"}],"about":[{"href":"https:\/\/ecole-saintpiex.com\/tremblay-en-france-93290\/wp-json\/wp\/v2\/types\/page"}],"author":[{"embeddable":true,"href":"https:\/\/ecole-saintpiex.com\/tremblay-en-france-93290\/wp-json\/wp\/v2\/users\/1"}],"replies":[{"embeddable":true,"href":"https:\/\/ecole-saintpiex.com\/tremblay-en-france-93290\/wp-json\/wp\/v2\/comments?post=85"}],"version-history":[{"count":13,"href":"https:\/\/ecole-saintpiex.com\/tremblay-en-france-93290\/wp-json\/wp\/v2\/pages\/85\/revisions"}],"predecessor-version":[{"id":2829,"href":"https:\/\/ecole-saintpiex.com\/tremblay-en-france-93290\/wp-json\/wp\/v2\/pages\/85\/revisions\/2829"}],"wp:attachment":[{"href":"https:\/\/ecole-saintpiex.com\/tremblay-en-france-93290\/wp-json\/wp\/v2\/media?parent=85"}],"curies":[{"name":"wp","href":"https:\/\/api.w.org\/{rel}","templated":true}]}}