{"id":1527,"date":"2018-08-24T11:51:12","date_gmt":"2018-08-24T10:51:12","guid":{"rendered":"http:\/\/ecole-saintpiex.com\/tremblay-en-france-93290\/?page_id=1527"},"modified":"2018-08-24T11:54:52","modified_gmt":"2018-08-24T10:54:52","slug":"reglement","status":"publish","type":"page","link":"https:\/\/ecole-saintpiex.com\/tremblay-en-france-93290\/reglement\/","title":{"rendered":"R\u00e8glement"},"content":{"rendered":"<p>Notre r\u00e8glement offre un cadre propice aux apprentissages et \u00e0 l\u2019accueil de tous.<\/p>\n<p>&nbsp;<\/p>\n<p><strong>1 \u2013 <u>Les horaires<\/u><\/strong><\/p>\n<p>&nbsp;En primaire, le retardataire perd des moments pr\u00e9cieux de classe&nbsp;; en maternelle, l\u2019arriv\u00e9e apr\u00e8s le rassemblement du groupe est pr\u00e9judiciable au bon d\u00e9marrage des activit\u00e9s.<\/p>\n<p>En cons\u00e9quence, dans l\u2019int\u00e9r\u00eat de tous, je vous remercie de veiller au respect de ces horaires.<\/p>\n<p>Les retards r\u00e9p\u00e9t\u00e9s seront notifi\u00e9s sur le dossier scolaire, donneront lieu \u00e0 deux heures de retenue un mercredi matin et compromettront la r\u00e9inscription de l\u2019\u00e9l\u00e8ve l\u2019ann\u00e9e suivante.<\/p>\n<p><strong>&nbsp;<\/strong><\/p>\n<ol>\n<li><strong><u>Le matin<\/u><\/strong><\/li>\n<\/ol>\n<p>&nbsp;<\/p>\n<ul>\n<li>Garderie du matin&nbsp;: de <strong><u>07h30 \u00e0 8h20<\/u><\/strong><\/li>\n<li>Les portes sont ouvertes entre <strong><u>08h20 et 08h30<\/u><\/strong><\/li>\n<li>Les PS entrent au, 4 rue Claude Debussy,<\/li>\n<li>De la MS au CM2, tous les \u00e9l\u00e8ves rentrent par la porte vitr\u00e9e, au 2 rue Claude Debussy<\/li>\n<li>Fermeture de la porte \u00e0<strong><u> 8h30<\/u><\/strong>.<\/li>\n<\/ul>\n<p>A partir de 8h30, <strong><u>tous les \u00e9l\u00e8ves<\/u><\/strong> devront se munir d\u2019un billet de retard pour se rendre dans leur classe.<\/p>\n<p>&nbsp;<\/p>\n<ol>\n<li><strong><u>Le midi<\/u><\/strong><\/li>\n<\/ol>\n<p>&nbsp;<\/p>\n<ul>\n<li><strong><u>11h35<\/u><\/strong> pour tous les enfants de maternelle, au 4 rue Claude Debussy<\/li>\n<li><strong><u>11h45<\/u><\/strong> pour tous les \u00e9l\u00e8ves du CP au CM2, au 2 rue Claude Debussy :<\/li>\n<\/ul>\n<p>&#8211; porte du milieu pour les CP, CE1<\/p>\n<p>&#8211;&nbsp; porte vitr\u00e9e pour les CE2, CM1, CM2.<\/p>\n<p>&nbsp;<\/p>\n<p>&nbsp;<\/p>\n<p>&nbsp;<\/p>\n<ol>\n<li><strong><u>L\u2019apr\u00e8s-midi<\/u><\/strong><\/li>\n<\/ol>\n<p><strong>&nbsp;<\/strong><\/p>\n<ul>\n<li><strong><u>13h20<\/u><\/strong>: ouverture de la porte vitr\u00e9e <strong><u>pour tous les \u00e9l\u00e8ves<\/u><\/strong>, au 2 rue Claude Debussy<\/li>\n<li>Au- del\u00e0 de <strong><u>13h30<\/u><\/strong>, les enfants devront se munir d\u2019un billet de retard pour se rendre dans leur classe.<\/li>\n<\/ul>\n<p>&nbsp;<\/p>\n<p>&nbsp;<\/p>\n<ol>\n<li><strong><u>La sortie des classes<\/u><\/strong><\/li>\n<\/ol>\n<p><strong><u>&nbsp;<\/u><\/strong><\/p>\n<ul>\n<li><strong><u>16h30\/16h40&nbsp;<\/u><\/strong><strong>:<\/strong><\/li>\n<li>Les \u00e9l\u00e8ves de maternelle seront repris, au 4 rue Claude Debussy<\/li>\n<li>Les \u00e9l\u00e8ves de CP, CE1 seront repris, au 2 rue Claude Debussy (porte du milieu)<\/li>\n<li>Les \u00e9l\u00e8ves de CE2, CM1, CM2 seront repris, au 2 rue Claude Debussy (porte vitr\u00e9e).<\/li>\n<\/ul>\n<p>&nbsp;<\/p>\n<p><strong><u>Conform\u00e9ment au Plan Vigipirate<\/u><\/strong> qui exige qu\u2019il n\u2019y ait pas d\u2019attroupement devant les \u00e9coles, la sortie se fera entre <strong><u>16h30 et 16h40<\/u><\/strong>.<\/p>\n<p>Bien entendu, nous nous engageons de notre c\u00f4t\u00e9 \u00e0 respecter les horaires de ce temps de sortie.<\/p>\n<p>Tout enfant non repris \u00e0 partir de 16h45 sera dirig\u00e9 vers l\u2019\u00e9tude (s\u2019il est en primaire) ou vers la garderie (s\u2019il est en maternelle) et ne pourra, en aucun cas, sortir avant 17h45. Celle-ci&nbsp; vous sera tarif\u00e9e.<\/p>\n<p>&nbsp;<\/p>\n<ul>\n<li><strong><u>16h45&nbsp;\u2013 17h45<\/u><\/strong>: Etude (primaire) \/ Garderie (maternelle)<\/li>\n<\/ul>\n<p>&nbsp;<\/p>\n<p><strong><u>&nbsp;<\/u><\/strong><\/p>\n<ol>\n<li><strong><u>La garderie<\/u><\/strong><\/li>\n<\/ol>\n<p>La garderie est assur\u00e9e de <strong><u>17h45 \u00e0 18h30<\/u><\/strong>. Vous \u00eates autoris\u00e9s \u00e0 venir chercher votre\/vos enfant(s) de mani\u00e8re \u00e9chelonn\u00e9e, au 2 rue Claude Debussy (porte du milieu).<\/p>\n<p>En cas de retards trop fr\u00e9quents <strong><u>apr\u00e8s 18h30<\/u><\/strong>, je me verrai dans l\u2019obligation de radier votre\/vos enfant(s) de la garderie du soir.<\/p>\n<p>&nbsp;<\/p>\n<p>&nbsp;<\/p>\n<p>&nbsp;<\/p>\n<p>&nbsp;<\/p>\n<p>&nbsp;<\/p>\n<p><strong><u>2 \u2013 Le calendrier scolaire.<\/u><\/strong><\/p>\n<p><strong><u>&nbsp;<\/u><\/strong><\/p>\n<p>Un calendrier vous est remis courant <strong><u>juin 2018<\/u><\/strong> vous laissant le temps de le consulter.<\/p>\n<p>Ce dernier repose sur une d\u00e9cision prise par la communaut\u00e9 \u00e9ducative de notre \u00e9cole. <strong>Nous vous remercions de respecter les dates du planning de l\u2019ann\u00e9e. Ce calendrier vous ayant \u00e9t\u00e9 donn\u00e9 \u00e0 l\u2019avance et dans un souci p\u00e9dagogique, aucun d\u00e9part anticip\u00e9 ne pourra \u00eatre tol\u00e9r\u00e9 ni m\u00eame un d\u00e9part au milieu de la journ\u00e9e de travail. Si cela venait \u00e0 se produire, aucun travail ne sera donn\u00e9 \u00e0 l\u2019avance en cas d\u2019absence hors calendrier et je me verrai dans l\u2019obligation de reconsid\u00e9rer la r\u00e9inscription de votre\/vos enfant(s).<\/strong><\/p>\n<p><strong><u>&nbsp;<\/u><\/strong><\/p>\n<p><strong>3-&nbsp; <u>En cas d\u2019absence de votre enfant,<\/u><\/strong> je&nbsp; vous demande de pr\u00e9venir l\u2019\u00e9cole <strong><u>tr\u00e8s rapidement<\/u><\/strong>&nbsp; le matin m\u00eame, par t\u00e9l\u00e9phone. <strong><u>Vous confirmerez ensuite par \u00e9crit dans le cahier de liaison (billet d\u2019absence)<\/u>.<\/strong><\/p>\n<p>&nbsp;<\/p>\n<p><strong>4 <\/strong>&#8211; <strong><u>&nbsp;Le cahier de liaison<\/u><\/strong><\/p>\n<p><u>&nbsp;<\/u><\/p>\n<p>Chez les plus jeunes, n\u2019h\u00e9sitez pas \u00e0 v\u00e9rifier s\u2019il y a un mot \u00e0 signer car votre enfant n\u2019y pensera pas peut-\u00eatre pas. Les plus grands auront la responsabilit\u00e9 de montrer ce cahier \u00e0 leur famille le soir.<\/p>\n<p>La plupart des circulaires sont \u00e0 consulter sur le site de l\u2019\u00e9cole via un code d\u2019acc\u00e8s qui change chaque ann\u00e9e. Vous \u00eates pr\u00e9venu via le cahier de liaison ou l\u2019agenda de votre enfant.<\/p>\n<p>Si vous souhaitez prendre un rendez-vous avec l\u2018enseignant(e) de votre enfant, faites-le par l\u2019interm\u00e9diaire de ce cahier afin de vous entretenir avec lui de <strong><u>mani\u00e8re constructive<\/u><\/strong><u> <strong>et dans le respect de chacun<\/strong><\/u><strong>.<\/strong><\/p>\n<p>Lors de la r\u00e9union de parents d\u2019\u00e9l\u00e8ves, l\u2019enseignant(e) vous indiquera&nbsp; ses disponibilit\u00e9s pour ces rencontres et vous pr\u00e9sentera les m\u00e9thodes p\u00e9dagogiques et les projets de l\u2019ann\u00e9e.<\/p>\n<p>&nbsp;<\/p>\n<p><strong>5 &#8211; <u>Vous avez choisi l\u2019\u00e9cole Saint Pie X, cela suppose une certaine confiance de votre part, aussi bien, sur le plan p\u00e9dagogique, qu\u2019au niveau de la discipline<\/u>.<\/strong> Il arrive qu\u2019\u00e9clatent entre \u00e9l\u00e8ves des diff\u00e9rends souvent anodins. <strong>Il est de la responsabilit\u00e9 des enseignants de les r\u00e9gler, voire de les sanctionner<\/strong>.<\/p>\n<p>Afin de responsabiliser nos \u00e9l\u00e8ves, de les faire grandir dans un climat de paix en leur apprenant que le diff\u00e9rend peut se r\u00e9gler autrement que par la violence physique et\/ou verbale, certains d\u2019entre eux b\u00e9n\u00e9ficient d\u2019une formation \u00e0 la \u00ab&nbsp;m\u00e9diation entre pairs&nbsp;\u00bb et interviennent dans la gestion du conflit.<\/p>\n<p><strong>&nbsp;<\/strong><\/p>\n<p>Les manquements au r\u00e8glement int\u00e9rieur de l\u2019\u00e9cole, \u00e0 savoir&nbsp;: attitude perturbatrice en classe, refus de travailler, atteinte \u00e0 l\u2019int\u00e9grit\u00e9 physique ou morale des autres \u00e9l\u00e8ves, des professeurs ou du personnel de l\u2019\u00e9cole\u2026&nbsp;donneront lieu \u00e0 des sanctions qui sont d\u00e9termin\u00e9es dans la charte de comportement qui vous est jointe.<\/p>\n<p>&nbsp;<\/p>\n<p>Tout enfant a le droit d\u2019\u00e9tudier dans un climat serein que nous nous effor\u00e7ons de mettre en place par une bonne communication mais aussi gr\u00e2ce \u00e0 la confiance dont vous nous faites part en nous confiant vos enfants.<\/p>\n<p>&nbsp;<\/p>\n<p>&nbsp;<\/p>\n<p><strong>6<\/strong> &#8211; <strong><u>Divers<\/u><\/strong><\/p>\n<ul>\n<li>Afin de se d\u00e9tendre dans la cour, les enfants peuvent jouer avec des petits jeux&nbsp;: jeux de cartes, corde \u00e0 sauter\u2026, ils peuvent aussi y lire, y dessiner. Par contre, l\u2019usage de tout appareil \u00e9lectronique est interdit dans l\u2019enceinte de l\u2019\u00e9cole ainsi que les billes. Seules les balles en mousse peuvent \u00eatre utilis\u00e9es dans la cour. Bien entendu, l\u2019usage de ces jeux doit se d\u00e9rouler dans un climat serein&nbsp;; ces derniers seront supprim\u00e9s en cas d\u2019un \u00e9ventuel conflit.<\/li>\n<\/ul>\n<p><u>&nbsp;<\/u><\/p>\n<ul>\n<li><strong><u>Tenue vestimentaire<\/u><\/strong>: l\u2019\u00e9cole \u00e9tant un lieu de travail, les enfants devront porter des v\u00eatements simples, propres et adapt\u00e9s \u00e0 la vie scolaire et \u00e0 l\u2019\u00e2ge de chacun (mini-jupe, shorty, jean d\u00e9chir\u00e9, tee-shirt \u00e0 bretelles, marcels&nbsp;; les chaussures \u00e0 talons, les tongs et les claquettes sont interdits), il en va de m\u00eame pour les coiffures excentriques et le maquillage qui ne sont pas autoris\u00e9s.&nbsp; Les&nbsp; bijoux discrets et ne portant pas atteinte \u00e0 la s\u00e9curit\u00e9 sont autoris\u00e9s et restent sous la responsabilit\u00e9 des enfants.<\/li>\n<\/ul>\n<p><strong><u>&nbsp;<\/u><\/strong><\/p>\n<ul>\n<li><strong><u>Sport<\/u><\/strong><u><\/u>: pour des raisons d\u2019hygi\u00e8ne, \u00e0 partir du CE2, les enfants devront porter un tee-shirt rouge pour les s\u00e9ances de sport. Chacun doit penser \u00e0 bien apporter ses affaires de sport dans un sac qui ferme. Merci d\u2019\u00e9viter les sacs en plastique qui craquent tr\u00e8s facilement. Nous vous rappelons que <strong><u>les tenues de sport (surv\u00eatements) ne sont autoris\u00e9es que pour les cours de sport<\/u><\/strong><strong><u>.<\/u><\/strong><\/li>\n<\/ul>\n<p><u>&nbsp;<\/u><\/p>\n<p><u>&nbsp;<\/u><\/p>\n<p><u>&nbsp;<\/u><\/p>\n<ul>\n<li><strong><u>Mat\u00e9riel scolaire<\/u><\/strong>: l\u2019enfant devra prendre soin du mat\u00e9riel scolaire qui lui est confi\u00e9.<strong><u> Ce dernier sera renouvel\u00e9 syst\u00e9matiquement en cas de besoin, par les parents<\/u>. Les enfants sont responsables de leur mat\u00e9riel scolaire et de leur v\u00eatement, en cas d\u2019oubli, ils ne pourront plus revenir chercher un livre, un cahier ou un v\u00eatement oubli\u00e9 apr\u00e8s la classe.<\/strong><\/li>\n<\/ul>\n<p><strong>&nbsp;<\/strong><\/p>\n<ul>\n<li><strong>Dans le cadre <u>d\u2019une sortie scolaire<\/u>, seuls les parents accompagnateurs sont autoris\u00e9s \u00e0 suivre le groupe.<\/strong><\/li>\n<\/ul>\n<p><u>&nbsp;<\/u><\/p>\n<ul>\n<li><strong><u>M\u00e9dicaments<\/u><\/strong>: pour des raisons de s\u00e9curit\u00e9, toute prise de m\u00e9dicament <u>est interdite <\/u>au sein de l\u2019\u00e9cole, \u00e0 l\u2019exception des enfants ayant un PAI. Prenez conseil aupr\u00e8s de votre m\u00e9decin afin d\u2019adapter les prises de m\u00e9dicaments en cons\u00e9quence.<\/li>\n<\/ul>\n<p><strong>&nbsp;<\/strong><\/p>\n<ul>\n<li><strong><u>Les mesures de s\u00e9curit\u00e9<\/u><\/strong>: comme vous le savez, les tristes \u00e9v\u00e9nements de ces derni\u00e8res ann\u00e9es nous obligent&nbsp; \u00e0 respecter des mesures de s\u00e9curit\u00e9.<\/li>\n<\/ul>\n<p>En effet, conform\u00e9ment au Plan Vigipirate, tout attroupement est \u00e0 \u00e9viter devant l\u2019\u00e9cole. Les parents ne peuvent s\u2019introduire dans l\u2019\u00e9tablissement que s\u2019ils y sont invit\u00e9s et apr\u00e8s v\u00e9rification de leur identit\u00e9.<\/p>\n<p>&nbsp;<\/p>\n<p>Nous vous remercions d\u2019avoir lu attentivement cette circulaire et restons \u00e0 votre disposition pour vous donner des renseignements compl\u00e9mentaires.<\/p>\n","protected":false},"excerpt":{"rendered":"<p>Notre r\u00e8glement offre un cadre propice aux apprentissages et \u00e0 l\u2019accueil de tous. &nbsp; 1 \u2013 Les horaires &nbsp;En primaire, le retardataire perd des moments pr\u00e9cieux de classe&nbsp;; en maternelle, [&hellip;]<\/p>\n","protected":false},"author":1,"featured_media":0,"parent":0,"menu_order":0,"comment_status":"closed","ping_status":"closed","template":"","meta":{"ngg_post_thumbnail":0,"footnotes":""},"_links":{"self":[{"href":"https:\/\/ecole-saintpiex.com\/tremblay-en-france-93290\/wp-json\/wp\/v2\/pages\/1527"}],"collection":[{"href":"https:\/\/ecole-saintpiex.com\/tremblay-en-france-93290\/wp-json\/wp\/v2\/pages"}],"about":[{"href":"https:\/\/ecole-saintpiex.com\/tremblay-en-france-93290\/wp-json\/wp\/v2\/types\/page"}],"author":[{"embeddable":true,"href":"https:\/\/ecole-saintpiex.com\/tremblay-en-france-93290\/wp-json\/wp\/v2\/users\/1"}],"replies":[{"embeddable":true,"href":"https:\/\/ecole-saintpiex.com\/tremblay-en-france-93290\/wp-json\/wp\/v2\/comments?post=1527"}],"version-history":[{"count":2,"href":"https:\/\/ecole-saintpiex.com\/tremblay-en-france-93290\/wp-json\/wp\/v2\/pages\/1527\/revisions"}],"predecessor-version":[{"id":1530,"href":"https:\/\/ecole-saintpiex.com\/tremblay-en-france-93290\/wp-json\/wp\/v2\/pages\/1527\/revisions\/1530"}],"wp:attachment":[{"href":"https:\/\/ecole-saintpiex.com\/tremblay-en-france-93290\/wp-json\/wp\/v2\/media?parent=1527"}],"curies":[{"name":"wp","href":"https:\/\/api.w.org\/{rel}","templated":true}]}}