{"id":1164,"date":"2016-10-04T10:16:32","date_gmt":"2016-10-04T09:16:32","guid":{"rendered":"http:\/\/ecole-saintpiex.com\/tremblay-en-france-93290\/?page_id=1164"},"modified":"2020-09-29T14:41:28","modified_gmt":"2020-09-29T13:41:28","slug":"preinscription-scolaire","status":"publish","type":"page","link":"https:\/\/ecole-saintpiex.com\/tremblay-en-france-93290\/preinscription-scolaire\/","title":{"rendered":"Pr\u00e9inscription scolaire"},"content":{"rendered":"<h2>Vous souhaitez inscrire votre enfant pour la prochaine rentr\u00e9e scolaire (septembre 2021) ?<\/h2>\n<p>Remplissez le formulaire ci-dessous et validez en cliquant sur le bouton en bas du formulaire. Vous recevrez une r\u00e9ponse de l&rsquo;\u00e9cole apr\u00e8s l&rsquo;\u00e9tude de votre demande et selon les places disponibles dans l&rsquo;\u00e9tablissement.<\/p>\n<p><strong><em>N&rsquo;h\u00e9sitez pas \u00e0 d\u00e9tailler votre situation personnelle dans le champs pr\u00e9vu \u00e0 cet effet.<\/em><\/strong><\/p>\n\n<div class=\"wpcf7 no-js\" id=\"wpcf7-f1163-o1\" lang=\"fr-FR\" dir=\"ltr\">\n<div class=\"screen-reader-response\"><p role=\"status\" aria-live=\"polite\" aria-atomic=\"true\"><\/p> <ul><\/ul><\/div>\n<form action=\"\/tremblay-en-france-93290\/wp-json\/wp\/v2\/pages\/1164#wpcf7-f1163-o1\" method=\"post\" class=\"wpcf7-form init\" aria-label=\"Formulaire de contact\" novalidate=\"novalidate\" data-status=\"init\">\n<div style=\"display: none;\">\n<input type=\"hidden\" name=\"_wpcf7\" value=\"1163\" \/>\n<input type=\"hidden\" name=\"_wpcf7_version\" value=\"5.8.6\" \/>\n<input type=\"hidden\" name=\"_wpcf7_locale\" value=\"fr_FR\" \/>\n<input type=\"hidden\" name=\"_wpcf7_unit_tag\" value=\"wpcf7-f1163-o1\" \/>\n<input type=\"hidden\" name=\"_wpcf7_container_post\" value=\"0\" \/>\n<input type=\"hidden\" name=\"_wpcf7_posted_data_hash\" value=\"\" \/>\n<input type=\"hidden\" name=\"_wpcf7_recaptcha_response\" value=\"\" \/>\n<\/div>\n<p>Votre nom *\n<\/p>\n<p><span class=\"wpcf7-form-control-wrap\" data-name=\"your-name\"><input size=\"40\" class=\"wpcf7-form-control wpcf7-text wpcf7-validates-as-required\" aria-required=\"true\" aria-invalid=\"false\" value=\"\" type=\"text\" name=\"your-name\" \/><\/span>\n<\/p>\n<p>Votre pr\u00e9nom *\n<\/p>\n<p><span class=\"wpcf7-form-control-wrap\" data-name=\"your-firstname\"><input size=\"40\" class=\"wpcf7-form-control wpcf7-text wpcf7-validates-as-required\" aria-required=\"true\" aria-invalid=\"false\" value=\"\" type=\"text\" name=\"your-firstname\" \/><\/span>\n<\/p>\n<p>Adresse *\n<\/p>\n<p><span class=\"wpcf7-form-control-wrap\" data-name=\"your-adress\"><input size=\"40\" class=\"wpcf7-form-control wpcf7-text wpcf7-validates-as-required\" aria-required=\"true\" aria-invalid=\"false\" value=\"\" type=\"text\" name=\"your-adress\" \/><\/span>\n<\/p>\n<p>Adresse suite\n<\/p>\n<p><span class=\"wpcf7-form-control-wrap\" data-name=\"your-adress2\"><input size=\"40\" class=\"wpcf7-form-control wpcf7-text\" aria-invalid=\"false\" value=\"\" type=\"text\" name=\"your-adress2\" \/><\/span>\n<\/p>\n<p>Code postal *\n<\/p>\n<p><span class=\"wpcf7-form-control-wrap\" data-name=\"your-cp\"><input size=\"40\" class=\"wpcf7-form-control wpcf7-text wpcf7-validates-as-required\" aria-required=\"true\" aria-invalid=\"false\" value=\"\" type=\"text\" name=\"your-cp\" \/><\/span>\n<\/p>\n<p>Ville *\n<\/p>\n<p><span class=\"wpcf7-form-control-wrap\" data-name=\"your-city\"><input size=\"40\" class=\"wpcf7-form-control wpcf7-text wpcf7-validates-as-required\" aria-required=\"true\" aria-invalid=\"false\" value=\"\" type=\"text\" name=\"your-city\" \/><\/span>\n<\/p>\n<p>Votre email *\n<\/p>\n<p><span class=\"wpcf7-form-control-wrap\" data-name=\"your-email\"><input size=\"40\" class=\"wpcf7-form-control wpcf7-email wpcf7-validates-as-required wpcf7-text wpcf7-validates-as-email\" aria-required=\"true\" aria-invalid=\"false\" value=\"\" type=\"email\" name=\"your-email\" \/><\/span>\n<\/p>\n<p>Votre t\u00e9l\u00e9phone *\n<\/p>\n<p><span class=\"wpcf7-form-control-wrap\" data-name=\"your-tel\"><input size=\"40\" class=\"wpcf7-form-control wpcf7-tel wpcf7-validates-as-required wpcf7-text wpcf7-validates-as-tel\" aria-required=\"true\" aria-invalid=\"false\" value=\"\" type=\"tel\" name=\"your-tel\" \/><\/span>\n<\/p>\n<p>Nom, pr\u00e9nom et date de naissance de l'enfant *\n<\/p>\n<p>Nom :<br \/>\n<span class=\"wpcf7-form-control-wrap\" data-name=\"child-name\"><input size=\"40\" class=\"wpcf7-form-control wpcf7-text wpcf7-validates-as-required\" aria-required=\"true\" aria-invalid=\"false\" value=\"\" type=\"text\" name=\"child-name\" \/><\/span><br \/>\nPr\u00e9nom :<br \/>\n<span class=\"wpcf7-form-control-wrap\" data-name=\"child-firsname\"><input size=\"40\" class=\"wpcf7-form-control wpcf7-text wpcf7-validates-as-required\" aria-required=\"true\" aria-invalid=\"false\" value=\"\" type=\"text\" name=\"child-firsname\" \/><\/span>\n<\/p>\n<p><span class=\"wpcf7-form-control-wrap\" data-name=\"radio-643\"><span class=\"wpcf7-form-control wpcf7-checkbox wpcf7-validates-as-required wpcf7-exclusive-checkbox\"><span class=\"wpcf7-list-item first\"><input type=\"checkbox\" name=\"radio-643\" value=\"Gar\u00e7on\" \/><span class=\"wpcf7-list-item-label\">Gar\u00e7on<\/span><\/span><span class=\"wpcf7-list-item last\"><input type=\"checkbox\" name=\"radio-643\" value=\"Fille\" \/><span class=\"wpcf7-list-item-label\">Fille<\/span><\/span><\/span><\/span>\n<\/p>\n<p>N\u00e9(e) le :<br \/>\n<span class=\"wpcf7-form-control-wrap\" data-name=\"child-birth1\"><input size=\"40\" class=\"wpcf7-form-control wpcf7-text wpcf7-validates-as-required\" aria-required=\"true\" aria-invalid=\"false\" value=\"\" type=\"text\" name=\"child-birth1\" \/><\/span><br \/>\nClasse :<br \/>\n<span class=\"wpcf7-form-control-wrap\" data-name=\"child-class\"><input size=\"40\" class=\"wpcf7-form-control wpcf7-text wpcf7-validates-as-required\" aria-required=\"true\" aria-invalid=\"false\" value=\"\" type=\"text\" name=\"child-class\" \/><\/span>\n<\/p>\n<p>Si vous souhaitez inscrire plusieurs enfants, compl\u00e9tez leurs noms et pr\u00e9noms ci-dessous :\n<\/p>\n<p>Enfant 2 :<br \/>\nNom :<br \/>\n<span class=\"wpcf7-form-control-wrap\" data-name=\"child-name2\"><input size=\"40\" class=\"wpcf7-form-control wpcf7-text\" aria-invalid=\"false\" value=\"\" type=\"text\" name=\"child-name2\" \/><\/span><br \/>\nPr\u00e9nom :<br \/>\n<span class=\"wpcf7-form-control-wrap\" data-name=\"child-firsname2\"><input size=\"40\" class=\"wpcf7-form-control wpcf7-text\" aria-invalid=\"false\" value=\"\" type=\"text\" name=\"child-firsname2\" \/><\/span>\n<\/p>\n<p><span class=\"wpcf7-form-control-wrap\" data-name=\"radio-644\"><span class=\"wpcf7-form-control wpcf7-checkbox wpcf7-exclusive-checkbox\"><span class=\"wpcf7-list-item first\"><input type=\"checkbox\" name=\"radio-644\" value=\"Gar\u00e7on\" \/><span class=\"wpcf7-list-item-label\">Gar\u00e7on<\/span><\/span><span class=\"wpcf7-list-item last\"><input type=\"checkbox\" name=\"radio-644\" value=\"Fille\" \/><span class=\"wpcf7-list-item-label\">Fille<\/span><\/span><\/span><\/span>\n<\/p>\n<p>N\u00e9(e) le :<br \/>\n<span class=\"wpcf7-form-control-wrap\" data-name=\"child-birth2\"><input size=\"40\" class=\"wpcf7-form-control wpcf7-text\" aria-invalid=\"false\" value=\"\" type=\"text\" name=\"child-birth2\" \/><\/span><br \/>\nClasse :<br \/>\n<span class=\"wpcf7-form-control-wrap\" data-name=\"child-class2\"><input size=\"40\" class=\"wpcf7-form-control wpcf7-text\" aria-invalid=\"false\" value=\"\" type=\"text\" name=\"child-class2\" \/><\/span>\n<\/p>\n<p>Enfant 3 :<br \/>\nNom :<br \/>\n<span class=\"wpcf7-form-control-wrap\" data-name=\"child-name3\"><input size=\"40\" class=\"wpcf7-form-control wpcf7-text\" aria-invalid=\"false\" value=\"\" type=\"text\" name=\"child-name3\" \/><\/span><br \/>\nPr\u00e9nom :<br \/>\n<span class=\"wpcf7-form-control-wrap\" data-name=\"child-firsname3\"><input size=\"40\" class=\"wpcf7-form-control wpcf7-text\" aria-invalid=\"false\" value=\"\" type=\"text\" name=\"child-firsname3\" \/><\/span>\n<\/p>\n<p><span class=\"wpcf7-form-control-wrap\" data-name=\"radio-645\"><span class=\"wpcf7-form-control wpcf7-checkbox wpcf7-exclusive-checkbox\"><span class=\"wpcf7-list-item first\"><input type=\"checkbox\" name=\"radio-645\" value=\"Gar\u00e7on\" \/><span class=\"wpcf7-list-item-label\">Gar\u00e7on<\/span><\/span><span class=\"wpcf7-list-item last\"><input type=\"checkbox\" name=\"radio-645\" value=\"Fille\" \/><span class=\"wpcf7-list-item-label\">Fille<\/span><\/span><\/span><\/span>\n<\/p>\n<p>N\u00e9(e) le :<br \/>\n<span class=\"wpcf7-form-control-wrap\" data-name=\"child-birth3\"><input size=\"40\" class=\"wpcf7-form-control wpcf7-text\" aria-invalid=\"false\" value=\"\" type=\"text\" name=\"child-birth3\" \/><\/span><br \/>\nClasse :<br \/>\n<span class=\"wpcf7-form-control-wrap\" data-name=\"child-class3\"><input size=\"40\" class=\"wpcf7-form-control wpcf7-text\" aria-invalid=\"false\" value=\"\" type=\"text\" name=\"child-class3\" \/><\/span>\n<\/p>\n<p>Enfant 4 :<br \/>\nNom :<br \/>\n<span class=\"wpcf7-form-control-wrap\" data-name=\"child-name4\"><input size=\"40\" class=\"wpcf7-form-control wpcf7-text\" aria-invalid=\"false\" value=\"\" type=\"text\" name=\"child-name4\" \/><\/span><br \/>\nPr\u00e9nom :<br \/>\n<span class=\"wpcf7-form-control-wrap\" data-name=\"child-firsname4\"><input size=\"40\" class=\"wpcf7-form-control wpcf7-text\" aria-invalid=\"false\" value=\"\" type=\"text\" name=\"child-firsname4\" \/><\/span>\n<\/p>\n<p><span class=\"wpcf7-form-control-wrap\" data-name=\"radio-646\"><span class=\"wpcf7-form-control wpcf7-checkbox wpcf7-exclusive-checkbox\"><span class=\"wpcf7-list-item first\"><input type=\"checkbox\" name=\"radio-646\" value=\"Gar\u00e7on\" \/><span class=\"wpcf7-list-item-label\">Gar\u00e7on<\/span><\/span><span class=\"wpcf7-list-item last\"><input type=\"checkbox\" name=\"radio-646\" value=\"Fille\" \/><span class=\"wpcf7-list-item-label\">Fille<\/span><\/span><\/span><\/span>\n<\/p>\n<p>N\u00e9(e) le :<br \/>\n<span class=\"wpcf7-form-control-wrap\" data-name=\"child-birth4\"><input size=\"40\" class=\"wpcf7-form-control wpcf7-text\" aria-invalid=\"false\" value=\"\" type=\"text\" name=\"child-birth4\" \/><\/span><br \/>\nClasse :<br \/>\n<span class=\"wpcf7-form-control-wrap\" data-name=\"child-class4\"><input size=\"40\" class=\"wpcf7-form-control wpcf7-text\" aria-invalid=\"false\" value=\"\" type=\"text\" name=\"child-class4\" \/><\/span>\n<\/p>\n<p>Informations compl\u00e9mentaires :\n<\/p>\n<p><span class=\"wpcf7-form-control-wrap\" data-name=\"your-message\"><textarea cols=\"40\" rows=\"10\" class=\"wpcf7-form-control wpcf7-textarea\" aria-invalid=\"false\" name=\"your-message\"><\/textarea><\/span>\n<\/p>\n<p><input class=\"wpcf7-form-control wpcf7-submit has-spinner\" type=\"submit\" value=\"Envoyer une demande de pr\u00e9inscription\" \/>\n<\/p><div class=\"wpcf7-response-output\" aria-hidden=\"true\"><\/div>\n<\/form>\n<\/div>\n\n","protected":false},"excerpt":{"rendered":"<p>Vous souhaitez inscrire votre enfant pour la prochaine rentr\u00e9e scolaire (septembre 2021) ? Remplissez le formulaire ci-dessous et validez en cliquant sur le bouton en bas du formulaire. Vous recevrez [&hellip;]<\/p>\n","protected":false},"author":1,"featured_media":0,"parent":0,"menu_order":0,"comment_status":"closed","ping_status":"closed","template":"","meta":{"ngg_post_thumbnail":0,"footnotes":""},"_links":{"self":[{"href":"https:\/\/ecole-saintpiex.com\/tremblay-en-france-93290\/wp-json\/wp\/v2\/pages\/1164"}],"collection":[{"href":"https:\/\/ecole-saintpiex.com\/tremblay-en-france-93290\/wp-json\/wp\/v2\/pages"}],"about":[{"href":"https:\/\/ecole-saintpiex.com\/tremblay-en-france-93290\/wp-json\/wp\/v2\/types\/page"}],"author":[{"embeddable":true,"href":"https:\/\/ecole-saintpiex.com\/tremblay-en-france-93290\/wp-json\/wp\/v2\/users\/1"}],"replies":[{"embeddable":true,"href":"https:\/\/ecole-saintpiex.com\/tremblay-en-france-93290\/wp-json\/wp\/v2\/comments?post=1164"}],"version-history":[{"count":6,"href":"https:\/\/ecole-saintpiex.com\/tremblay-en-france-93290\/wp-json\/wp\/v2\/pages\/1164\/revisions"}],"predecessor-version":[{"id":1959,"href":"https:\/\/ecole-saintpiex.com\/tremblay-en-france-93290\/wp-json\/wp\/v2\/pages\/1164\/revisions\/1959"}],"wp:attachment":[{"href":"https:\/\/ecole-saintpiex.com\/tremblay-en-france-93290\/wp-json\/wp\/v2\/media?parent=1164"}],"curies":[{"name":"wp","href":"https:\/\/api.w.org\/{rel}","templated":true}]}}